{"id":1042,"date":"2023-09-04T19:53:26","date_gmt":"2023-09-04T19:53:26","guid":{"rendered":"https:\/\/implansaltillo.mx\/boceto\/?page_id=1042"},"modified":"2023-09-05T14:59:35","modified_gmt":"2023-09-05T14:59:35","slug":"desarrollo-metropolitano","status":"publish","type":"page","link":"https:\/\/implansaltillo.mx\/boceto\/desarrollo-metropolitano\/","title":{"rendered":"Desarrollo Metropolitano"},"content":{"rendered":"\t\t<div data-elementor-type=\"wp-page\" data-elementor-id=\"1042\" class=\"elementor elementor-1042\" data-elementor-post-type=\"page\">\n\t\t\t\t<div class=\"elementor-element elementor-element-523bc2f e-flex e-con-boxed e-con e-parent\" data-id=\"523bc2f\" data-element_type=\"container\" data-e-type=\"container\" data-settings=\"{&quot;ekit_has_onepagescroll_dot&quot;:&quot;yes&quot;}\">\n\t\t\t\t\t<div class=\"e-con-inner\">\n\t\t\t\t<div class=\"elementor-element elementor-element-f30be15 elementor-invisible elementor-widget elementor-widget-heading\" data-id=\"f30be15\" data-element_type=\"widget\" data-e-type=\"widget\" data-settings=\"{&quot;_animation&quot;:&quot;fadeIn&quot;,&quot;ekit_we_effect_on&quot;:&quot;none&quot;}\" data-widget_type=\"heading.default\">\n\t\t\t\t<div class=\"elementor-widget-container\">\n\t\t\t\t\t<h1 class=\"elementor-heading-title elementor-size-default\">Informaci\u00f3n para el desarrollo metropolitano<\/h1>\t\t\t\t<\/div>\n\t\t\t\t<\/div>\n\t\t\t\t<div class=\"elementor-element elementor-element-5ddaa7a elementor-widget-divider--view-line elementor-invisible elementor-widget elementor-widget-divider\" data-id=\"5ddaa7a\" data-element_type=\"widget\" data-e-type=\"widget\" data-settings=\"{&quot;_animation&quot;:&quot;fadeIn&quot;,&quot;ekit_we_effect_on&quot;:&quot;none&quot;}\" data-widget_type=\"divider.default\">\n\t\t\t\t<div class=\"elementor-widget-container\">\n\t\t\t\t\t\t\t<div class=\"elementor-divider\">\n\t\t\t<span class=\"elementor-divider-separator\">\n\t\t\t\t\t\t<\/span>\n\t\t<\/div>\n\t\t\t\t\t\t<\/div>\n\t\t\t\t<\/div>\n\t\t\t\t\t<\/div>\n\t\t\t\t<\/div>\n\t\t<div class=\"elementor-element elementor-element-af142e3 e-flex e-con-boxed e-con e-parent\" data-id=\"af142e3\" data-element_type=\"container\" data-e-type=\"container\" data-settings=\"{&quot;ekit_has_onepagescroll_dot&quot;:&quot;yes&quot;}\">\n\t\t\t\t\t<div class=\"e-con-inner\">\n\t\t<div class=\"elementor-element elementor-element-fd2f5b3 e-con-full e-flex e-con e-parent\" data-id=\"fd2f5b3\" data-element_type=\"container\" data-e-type=\"container\" data-settings=\"{&quot;ekit_has_onepagescroll_dot&quot;:&quot;yes&quot;}\">\n\t\t\t\t<div class=\"elementor-element elementor-element-a736b0e elementor-position-top elementor-widget elementor-widget-image-box\" data-id=\"a736b0e\" data-element_type=\"widget\" data-e-type=\"widget\" data-settings=\"{&quot;ekit_we_effect_on&quot;:&quot;none&quot;}\" data-widget_type=\"image-box.default\">\n\t\t\t\t<div class=\"elementor-widget-container\">\n\t\t\t\t\t<div class=\"elementor-image-box-wrapper\"><figure class=\"elementor-image-box-img\"><a href=\"https:\/\/acortar.link\/Uk12oM\" target=\"_blank\" tabindex=\"-1\"><img fetchpriority=\"high\" decoding=\"async\" width=\"332\" height=\"431\" src=\"https:\/\/implansaltillo.mx\/boceto\/wp-content\/uploads\/2023\/09\/portada_publicacion_44.png\" class=\"attachment-full size-full wp-image-1045\" alt=\"\" srcset=\"https:\/\/implansaltillo.mx\/boceto\/wp-content\/uploads\/2023\/09\/portada_publicacion_44.png 332w, https:\/\/implansaltillo.mx\/boceto\/wp-content\/uploads\/2023\/09\/portada_publicacion_44-231x300.png 231w, https:\/\/implansaltillo.mx\/boceto\/wp-content\/uploads\/2023\/09\/portada_publicacion_44-62x80.png 62w, https:\/\/implansaltillo.mx\/boceto\/wp-content\/uploads\/2023\/09\/portada_publicacion_44-300x389.png 300w\" sizes=\"(max-width: 332px) 100vw, 332px\" \/><\/a><\/figure><div class=\"elementor-image-box-content\"><h4 class=\"elementor-image-box-title\"><a href=\"https:\/\/acortar.link\/Uk12oM\" target=\"_blank\">Plan Estrat\u00e9gico de Desarrollo de los Municipios de Saltillo, Arteaga y Ramos Arizpe al a\u00f1o 2025<\/a><\/h4><p class=\"elementor-image-box-description\">El Ejecutivo del Estado, los alcaldes de los Municipios de Saltillo, Ramos Arizpe y Arteaga y un grupo importante de personas representativas de los tres municipios e interesadas en su desarrollo......<\/p><\/div><\/div>\t\t\t\t<\/div>\n\t\t\t\t<\/div>\n\t\t\t\t<\/div>\n\t\t<div class=\"elementor-element elementor-element-5f25cc8 e-con-full e-flex e-con e-parent\" data-id=\"5f25cc8\" data-element_type=\"container\" data-e-type=\"container\" data-settings=\"{&quot;ekit_has_onepagescroll_dot&quot;:&quot;yes&quot;}\">\n\t\t\t\t<div class=\"elementor-element elementor-element-e5e96fb elementor-position-top elementor-widget elementor-widget-image-box\" data-id=\"e5e96fb\" data-element_type=\"widget\" data-e-type=\"widget\" data-settings=\"{&quot;ekit_we_effect_on&quot;:&quot;none&quot;}\" data-widget_type=\"image-box.default\">\n\t\t\t\t<div class=\"elementor-widget-container\">\n\t\t\t\t\t<div class=\"elementor-image-box-wrapper\"><figure class=\"elementor-image-box-img\"><a href=\"https:\/\/acortar.link\/ukFNt8\" target=\"_blank\" tabindex=\"-1\"><img decoding=\"async\" width=\"338\" height=\"440\" src=\"https:\/\/implansaltillo.mx\/boceto\/wp-content\/uploads\/2023\/09\/portada_publicacion_23.png\" class=\"attachment-full size-full wp-image-1057\" alt=\"\" srcset=\"https:\/\/implansaltillo.mx\/boceto\/wp-content\/uploads\/2023\/09\/portada_publicacion_23.png 338w, https:\/\/implansaltillo.mx\/boceto\/wp-content\/uploads\/2023\/09\/portada_publicacion_23-230x300.png 230w, https:\/\/implansaltillo.mx\/boceto\/wp-content\/uploads\/2023\/09\/portada_publicacion_23-61x80.png 61w, https:\/\/implansaltillo.mx\/boceto\/wp-content\/uploads\/2023\/09\/portada_publicacion_23-300x391.png 300w\" sizes=\"(max-width: 338px) 100vw, 338px\" \/><\/a><\/figure><div class=\"elementor-image-box-content\"><h4 class=\"elementor-image-box-title\"><a href=\"https:\/\/acortar.link\/ukFNt8\" target=\"_blank\">Atlas de los Municipios de la Regi\u00f3n Sureste del Estado de Coahuila<\/a><\/h4><p class=\"elementor-image-box-description\">El Consejo para la Planeaci\u00f3n Estrat\u00e9gica de Largo Plazo de la Regi\u00f3n Sureste del Estado de Coahuila pone a disposici\u00f3n toda la informaci\u00f3n disponible de los cinco municipios que integran la Regi\u00f3n....\n<\/p><\/div><\/div>\t\t\t\t<\/div>\n\t\t\t\t<\/div>\n\t\t\t\t<\/div>\n\t\t<div class=\"elementor-element elementor-element-ee56ab9 e-con-full e-flex e-con e-parent\" data-id=\"ee56ab9\" data-element_type=\"container\" data-e-type=\"container\" data-settings=\"{&quot;ekit_has_onepagescroll_dot&quot;:&quot;yes&quot;}\">\n\t\t\t\t<div class=\"elementor-element elementor-element-4b800e4 elementor-position-top elementor-widget elementor-widget-image-box\" data-id=\"4b800e4\" data-element_type=\"widget\" data-e-type=\"widget\" data-settings=\"{&quot;ekit_we_effect_on&quot;:&quot;none&quot;}\" data-widget_type=\"image-box.default\">\n\t\t\t\t<div class=\"elementor-widget-container\">\n\t\t\t\t\t<div class=\"elementor-image-box-wrapper\"><figure class=\"elementor-image-box-img\"><a href=\"https:\/\/acortar.link\/7JcbUK\" target=\"_blank\" tabindex=\"-1\"><img decoding=\"async\" width=\"337\" height=\"434\" src=\"https:\/\/implansaltillo.mx\/boceto\/wp-content\/uploads\/2023\/09\/portada_publicacion_22.png\" class=\"attachment-full size-full wp-image-1056\" alt=\"\" srcset=\"https:\/\/implansaltillo.mx\/boceto\/wp-content\/uploads\/2023\/09\/portada_publicacion_22.png 337w, https:\/\/implansaltillo.mx\/boceto\/wp-content\/uploads\/2023\/09\/portada_publicacion_22-233x300.png 233w, https:\/\/implansaltillo.mx\/boceto\/wp-content\/uploads\/2023\/09\/portada_publicacion_22-62x80.png 62w, https:\/\/implansaltillo.mx\/boceto\/wp-content\/uploads\/2023\/09\/portada_publicacion_22-300x386.png 300w\" sizes=\"(max-width: 337px) 100vw, 337px\" \/><\/a><\/figure><div class=\"elementor-image-box-content\"><h4 class=\"elementor-image-box-title\"><a href=\"https:\/\/acortar.link\/7JcbUK\" target=\"_blank\">Diagn\u00f3stico Socio-Espacial de la Regi\u00f3n Sureste del Estado de Coahuila<\/a><\/h4><p class=\"elementor-image-box-description\">Los pormenores de nuestra Regi\u00f3n para la planeaci\u00f3n a largo plazo......<\/p><\/div><\/div>\t\t\t\t<\/div>\n\t\t\t\t<\/div>\n\t\t\t\t<\/div>\n\t\t<div class=\"elementor-element elementor-element-e3c3e38 e-con-full e-flex e-con e-parent\" data-id=\"e3c3e38\" data-element_type=\"container\" data-e-type=\"container\" data-settings=\"{&quot;ekit_has_onepagescroll_dot&quot;:&quot;yes&quot;}\">\n\t\t\t\t<div class=\"elementor-element elementor-element-84fb731 elementor-position-top elementor-widget elementor-widget-image-box\" data-id=\"84fb731\" data-element_type=\"widget\" data-e-type=\"widget\" data-settings=\"{&quot;ekit_we_effect_on&quot;:&quot;none&quot;}\" data-widget_type=\"image-box.default\">\n\t\t\t\t<div class=\"elementor-widget-container\">\n\t\t\t\t\t<div class=\"elementor-image-box-wrapper\"><figure class=\"elementor-image-box-img\"><a href=\"https:\/\/acortar.link\/q07KqR\" target=\"_blank\" tabindex=\"-1\"><img loading=\"lazy\" decoding=\"async\" width=\"337\" height=\"430\" src=\"https:\/\/implansaltillo.mx\/boceto\/wp-content\/uploads\/2023\/09\/portada_publicacion_24.png\" class=\"attachment-full size-full wp-image-1068\" alt=\"\" srcset=\"https:\/\/implansaltillo.mx\/boceto\/wp-content\/uploads\/2023\/09\/portada_publicacion_24.png 337w, https:\/\/implansaltillo.mx\/boceto\/wp-content\/uploads\/2023\/09\/portada_publicacion_24-235x300.png 235w, https:\/\/implansaltillo.mx\/boceto\/wp-content\/uploads\/2023\/09\/portada_publicacion_24-63x80.png 63w, https:\/\/implansaltillo.mx\/boceto\/wp-content\/uploads\/2023\/09\/portada_publicacion_24-300x383.png 300w\" sizes=\"(max-width: 337px) 100vw, 337px\" \/><\/a><\/figure><div class=\"elementor-image-box-content\"><h4 class=\"elementor-image-box-title\"><a href=\"https:\/\/acortar.link\/q07KqR\" target=\"_blank\">Compendio de Reportes de Eventos para el An\u00e1lisis de Temas Estrat\u00e9gicos para el Plan 2040<\/a><\/h4><p class=\"elementor-image-box-description\">Resultados de cuatro de los eventos de an\u00e1lisis de temas estrat\u00e9gicos para nuestra Regi\u00f3n....<\/p><\/div><\/div>\t\t\t\t<\/div>\n\t\t\t\t<\/div>\n\t\t\t\t<\/div>\n\t\t<div class=\"elementor-element elementor-element-dcb782b e-con-full e-flex e-con e-parent\" data-id=\"dcb782b\" data-element_type=\"container\" data-e-type=\"container\" data-settings=\"{&quot;ekit_has_onepagescroll_dot&quot;:&quot;yes&quot;}\">\n\t\t\t\t<\/div>\n\t\t<div class=\"elementor-element elementor-element-356b263 e-con-full e-flex e-con e-parent\" data-id=\"356b263\" data-element_type=\"container\" data-e-type=\"container\" data-settings=\"{&quot;ekit_has_onepagescroll_dot&quot;:&quot;yes&quot;}\">\n\t\t\t\t<\/div>\n\t\t\t\t\t<\/div>\n\t\t\t\t<\/div>\n\t\t\t\t<\/div>\n\t\t","protected":false},"excerpt":{"rendered":"<p class=\"tx-excerpt\">Informaci\u00f3n para el desarrollo metropolitano Plan Estrat\u00e9gico de Desarrollo de los Municipios de Saltillo, Arteaga y Ramos Arizpe al a\u00f1o 2025 El Ejecutivo del Estado, los alcaldes de los Municipios de Saltillo, Ramos","protected":false},"author":2,"featured_media":0,"parent":0,"menu_order":0,"comment_status":"closed","ping_status":"closed","template":"","meta":{"footnotes":""},"class_list":["post-1042","page","type-page","status-publish","hentry"],"_links":{"self":[{"href":"https:\/\/implansaltillo.mx\/boceto\/wp-json\/wp\/v2\/pages\/1042","targetHints":{"allow":["GET"]}}],"collection":[{"href":"https:\/\/implansaltillo.mx\/boceto\/wp-json\/wp\/v2\/pages"}],"about":[{"href":"https:\/\/implansaltillo.mx\/boceto\/wp-json\/wp\/v2\/types\/page"}],"author":[{"embeddable":true,"href":"https:\/\/implansaltillo.mx\/boceto\/wp-json\/wp\/v2\/users\/2"}],"replies":[{"embeddable":true,"href":"https:\/\/implansaltillo.mx\/boceto\/wp-json\/wp\/v2\/comments?post=1042"}],"version-history":[{"count":23,"href":"https:\/\/implansaltillo.mx\/boceto\/wp-json\/wp\/v2\/pages\/1042\/revisions"}],"predecessor-version":[{"id":1128,"href":"https:\/\/implansaltillo.mx\/boceto\/wp-json\/wp\/v2\/pages\/1042\/revisions\/1128"}],"wp:attachment":[{"href":"https:\/\/implansaltillo.mx\/boceto\/wp-json\/wp\/v2\/media?parent=1042"}],"curies":[{"name":"wp","href":"https:\/\/api.w.org\/{rel}","templated":true}]}}